{"id":20325,"date":"2016-03-25T10:40:44","date_gmt":"2016-03-25T08:40:44","guid":{"rendered":"http:\/\/karasugranite.com\/en\/iletisim\/-old"},"modified":"2023-03-11T14:38:18","modified_gmt":"2023-03-11T11:38:18","slug":"contact-before-import","status":"publish","type":"page","link":"https:\/\/karasugranite.com\/en\/contact-before-import\/","title":{"rendered":"Contact"},"content":{"rendered":"<section class=\"wpb-content-wrapper\"><p>[vc_row][vc_column width=&#8221;1\/2&#8243;]\n<div class=\"wpcf7 no-js\" id=\"wpcf7-f20321-o1\" lang=\"tr-TR\" dir=\"ltr\" data-wpcf7-id=\"20321\">\n<div class=\"screen-reader-response\"><p role=\"status\" aria-live=\"polite\" aria-atomic=\"true\"><\/p> <ul><\/ul><\/div>\n<form action=\"\/en\/wp-json\/wp\/v2\/pages\/20325#wpcf7-f20321-o1\" method=\"post\" class=\"wpcf7-form init\" aria-label=\"\u0130leti\u015fim Formu\" novalidate=\"novalidate\" data-status=\"init\">\n<div style=\"display: none;\">\n<input type=\"hidden\" name=\"_wpcf7\" value=\"20321\" \/>\n<input type=\"hidden\" name=\"_wpcf7_version\" value=\"6.0.5\" \/>\n<input type=\"hidden\" name=\"_wpcf7_locale\" value=\"tr_TR\" \/>\n<input type=\"hidden\" name=\"_wpcf7_unit_tag\" value=\"wpcf7-f20321-o1\" \/>\n<input type=\"hidden\" name=\"_wpcf7_container_post\" value=\"0\" \/>\n<input type=\"hidden\" name=\"_wpcf7_posted_data_hash\" value=\"\" \/>\n<\/div>\n<p>Your Name (requisite)\n<\/p>\n<p><span class=\"wpcf7-form-control-wrap\" data-name=\"your-name\"><input size=\"40\" maxlength=\"400\" class=\"wpcf7-form-control wpcf7-text wpcf7-validates-as-required\" aria-required=\"true\" aria-invalid=\"false\" value=\"\" type=\"text\" name=\"your-name\" \/><\/span>\n<\/p>\n<p>Your Email (requisite)\n<\/p>\n<p><span class=\"wpcf7-form-control-wrap\" data-name=\"your-email\"><input size=\"40\" maxlength=\"400\" class=\"wpcf7-form-control wpcf7-email wpcf7-validates-as-required wpcf7-text wpcf7-validates-as-email\" aria-required=\"true\" aria-invalid=\"false\" value=\"\" type=\"email\" name=\"your-email\" \/><\/span>\n<\/p>\n<p>Subject\n<\/p>\n<p><span class=\"wpcf7-form-control-wrap\" data-name=\"your-subject\"><input size=\"40\" maxlength=\"400\" class=\"wpcf7-form-control wpcf7-text\" aria-invalid=\"false\" value=\"\" type=\"text\" name=\"your-subject\" \/><\/span>\n<\/p>\n<p>Message\n<\/p>\n<p><span class=\"wpcf7-form-control-wrap\" data-name=\"your-message\"><textarea cols=\"40\" rows=\"10\" maxlength=\"2000\" class=\"wpcf7-form-control wpcf7-textarea\" aria-invalid=\"false\" name=\"your-message\"><\/textarea><\/span>\n<\/p>\n<p><input class=\"wpcf7-form-control wpcf7-submit has-spinner\" type=\"submit\" value=\"Send\" \/>\n<\/p><p style=\"display: none !important;\" class=\"akismet-fields-container\" data-prefix=\"_wpcf7_ak_\"><label>&#916;<textarea name=\"_wpcf7_ak_hp_textarea\" cols=\"45\" rows=\"8\" maxlength=\"100\"><\/textarea><\/label><input type=\"hidden\" id=\"ak_js_1\" name=\"_wpcf7_ak_js\" value=\"190\"\/><script>document.getElementById( \"ak_js_1\" ).setAttribute( \"value\", ( new Date() ).getTime() );<\/script><\/p><div class=\"wpcf7-response-output\" aria-hidden=\"true\"><\/div>\n<\/form>\n<\/div>\n[\/vc_column][vc_column width=&#8221;1\/2&#8243;][vc_column_text]<\/p>\n<h5 style=\"text-align: left; font-family: Roboto; font-weight: 500;\"><i class=\"fa fa-map-marker\" style=\"color: #de2833;\"><\/i>Location<\/h5>\n<p style=\"text-align: left;\">Karasu Madencilik &#8211; Bankalar Cad. \u015eerif D\u00fclger \u0130\u015f Merkezi Zemin Kat &#8211; Bergama \/ \u0130zmir<\/p>\n<p><a style=\"text-align: left; color: #de2833;\" href=\"#\"><i class=\"fa fa-phone\" style=\"padding-right: 10px;\"><\/i>+90 533 487 73 78<\/a><br \/>\n<a style=\"text-align: left; color: #de2833;\" href=\"#\"><i class=\"fa fa-phone\" style=\"padding-right: 10px;\"><\/i>+90 232 645 83 02<\/a><br \/>\n<a style=\"text-align: left; color: #de2833;\" href=\"#\"><i class=\"fa fa-envelope-o\" style=\"padding-right: 10px;\"><\/i>info@karasugranite.com<\/a>[\/vc_column_text][vc_column_text]<\/p>\n<h5 style=\"text-align: left; font-family: Roboto; font-weight: 500;\"><i class=\"fa fa-map-marker\" style=\"color: #de2833;\"><\/i>Factory<\/h5>\n<p style=\"text-align: left;\">Karasu Madencilik &#8211; A\u015fa\u011f\u0131cuma \/ Bergama \/ \u0130zmir<\/p>\n<p><a style=\"text-align: left; color: #de2833;\" href=\"#\"><i class=\"fa fa-phone\" style=\"padding-right: 10px;\"><\/i>+90 533 487 73 78<\/a><br \/>\n<a style=\"text-align: left; color: #de2833;\" href=\"#\"><i class=\"fa fa-phone\" style=\"padding-right: 10px;\"><\/i>+90 232 645 83 02<\/a><br \/>\n<a style=\"text-align: left; color: #de2833;\" href=\"#\"><i class=\"fa fa-envelope-o\" style=\"padding-right: 10px;\"><\/i>info@karasugranite.com<\/a>[\/vc_column_text][\/vc_column][\/vc_row]<\/p>\n<\/section>","protected":false},"excerpt":{"rendered":"<p>[vc_row][vc_column width=&#8221;1\/2&#8243;][\/vc_column][vc_column width=&#8221;1\/2&#8243;][vc_column_text] Location Karasu Madencilik &#8211; Bankalar Cad. \u015eerif D\u00fclger \u0130\u015f Merkezi Zemin Kat&#8230;<\/p>\n","protected":false},"author":1,"featured_media":0,"parent":0,"menu_order":0,"comment_status":"closed","ping_status":"closed","template":"","meta":{"footnotes":""},"class_list":["post-20325","page","type-page","status-publish","hentry"],"translation":{"provider":"WPGlobus","version":"3.0.0","language":"en","enabled_languages":["tr","en","de"],"languages":{"tr":{"title":true,"content":true,"excerpt":false},"en":{"title":false,"content":false,"excerpt":false},"de":{"title":false,"content":false,"excerpt":false}}},"_links":{"self":[{"href":"https:\/\/karasugranite.com\/en\/wp-json\/wp\/v2\/pages\/20325","targetHints":{"allow":["GET"]}}],"collection":[{"href":"https:\/\/karasugranite.com\/en\/wp-json\/wp\/v2\/pages"}],"about":[{"href":"https:\/\/karasugranite.com\/en\/wp-json\/wp\/v2\/types\/page"}],"author":[{"embeddable":true,"href":"https:\/\/karasugranite.com\/en\/wp-json\/wp\/v2\/users\/1"}],"replies":[{"embeddable":true,"href":"https:\/\/karasugranite.com\/en\/wp-json\/wp\/v2\/comments?post=20325"}],"version-history":[{"count":10,"href":"https:\/\/karasugranite.com\/en\/wp-json\/wp\/v2\/pages\/20325\/revisions"}],"predecessor-version":[{"id":21231,"href":"https:\/\/karasugranite.com\/en\/wp-json\/wp\/v2\/pages\/20325\/revisions\/21231"}],"wp:attachment":[{"href":"https:\/\/karasugranite.com\/en\/wp-json\/wp\/v2\/media?parent=20325"}],"curies":[{"name":"wp","href":"https:\/\/api.w.org\/{rel}","templated":true}]}}